{"id":28,"date":"2013-01-23T16:18:29","date_gmt":"2013-01-23T15:18:29","guid":{"rendered":"http:\/\/www.obermuehle-markoebel.de\/WP33\/?page_id=28"},"modified":"2018-05-30T18:19:27","modified_gmt":"2018-05-30T17:19:27","slug":"historie","status":"publish","type":"page","link":"http:\/\/www.obermuehle-markoebel.de\/?page_id=28","title":{"rendered":"Historie"},"content":{"rendered":"<p>Die <em>Obermulen<\/em> bestand bereits 1331 und war eine von vier\u00a0M\u00fchlen in der Mark\u00f6bler Gemarkung.\u00a0Die Oberm\u00fchle wurde durch den M\u00fchlgraben mit Wasser aus dem Krebsbach versorgt.\u00a0Sie geh\u00f6rte\u00a0zum Besitz der Landgrafen von Hanau und wurde\u00a0bis ins 17. Jahrhundert von verschieden M\u00fcllersfamilien betrieben.<\/p>\n<p>Im 17. Jahrhundert wurde der M\u00fchlenbetrieb von Johannes Rau \u00fcbernommen und ging um 1870 durch einen Gerichtsentscheid in den Familienbesitz \u00fcber. Der landwirtschaftliche Betrieb der Oberm\u00fchle lief seit dem 19. Jahrhundert parallel zum M\u00fchlenbetrieb. Es wurden verschiedenste Feldfr\u00fcchte angebaut und Milchk\u00fche gehalten, mit denen auch die Felder bestellt wurden. Als Getreidem\u00fchle wurde die Oberm\u00fchle noch bis nach dem 2. Weltkrieg von Ludwig Rau betrieben, der der letzte &#8222;echte&#8220; M\u00fcller auf dem Hof war. Von seinen vier S\u00f6hnen fielen drei im 2. Weltkrieg.<\/p>\n<p>In den 1960iger Jahren waren die kleineren M\u00fchlen nicht mehr wirtschaftlich und so wurde auch der M\u00fchlenbetrieb in der Oberm\u00fchle eingestellt. Der verbliebene Sohn, Kurt Rau, nutzte die R\u00e4ume der Oberm\u00fchle als Lager- und Verkaufsr\u00e4ume f\u00fcr seinen Landproduktehandel. Getreide wurde zwar auch noch angenommen aber nicht mehr gemahlen, sondern in Silos gelagert und weiterverkauft. Auf den Feldern baute Kurt Rau vor allem Weizen, Gerste und Zuckerr\u00fcben an und hielt zuerst Milchk\u00fche und Rinder, sp\u00e4ter Schweine. Ende der 1980iger Jahre wurde der Betrieb geschlossen und ruhte f\u00fcr einige Jahre.<\/p>\n<p>Ab 1995 wurde das M\u00fchlengeb\u00e4ude von Kurt Rau jun. und seinem Sohn Andreas Rau kernsaniert, der diese Arbeiten bis heute fortf\u00fchrt.<\/p>\n<p>Ab 1993 wurde der landwirtschaftliche Betrieb der Oberm\u00fchle verpachtet und dient seitdem\u00a0als Pferdepension. Seit 2011 befindet sich der Pferdehof wieder in Familienhand und wird von Melanie Kieser, einer Enkelin von Kurt Rau, und ihrem Mann Bernd Schwabe saniert und bewirtschaftet.<\/p>\nngg_shortcode_0_placeholder\n","protected":false},"excerpt":{"rendered":"<p>Die Obermulen bestand bereits 1331 und war eine von vier\u00a0M\u00fchlen in der Mark\u00f6bler Gemarkung.\u00a0Die Oberm\u00fchle wurde durch den M\u00fchlgraben mit Wasser aus dem Krebsbach versorgt.\u00a0Sie geh\u00f6rte\u00a0zum Besitz der Landgrafen von Hanau und wurde\u00a0bis ins 17. Jahrhundert von verschieden M\u00fcllersfamilien betrieben. Im 17. Jahrhundert wurde der M\u00fchlenbetrieb von Johannes Rau \u00fcbernommen und ging um 1870 durch &hellip; <a href=\"http:\/\/www.obermuehle-markoebel.de\/?page_id=28\" class=\"more-link\"><span class=\"screen-reader-text\">Historie<\/span> weiterlesen <span class=\"meta-nav\">&rarr;<\/span><\/a><\/p>\n","protected":false},"author":1,"featured_media":0,"parent":0,"menu_order":4,"comment_status":"closed","ping_status":"closed","template":"","meta":{"ngg_post_thumbnail":0,"footnotes":""},"class_list":["post-28","page","type-page","status-publish","hentry"],"_links":{"self":[{"href":"http:\/\/www.obermuehle-markoebel.de\/index.php?rest_route=\/wp\/v2\/pages\/28","targetHints":{"allow":["GET"]}}],"collection":[{"href":"http:\/\/www.obermuehle-markoebel.de\/index.php?rest_route=\/wp\/v2\/pages"}],"about":[{"href":"http:\/\/www.obermuehle-markoebel.de\/index.php?rest_route=\/wp\/v2\/types\/page"}],"author":[{"embeddable":true,"href":"http:\/\/www.obermuehle-markoebel.de\/index.php?rest_route=\/wp\/v2\/users\/1"}],"replies":[{"embeddable":true,"href":"http:\/\/www.obermuehle-markoebel.de\/index.php?rest_route=%2Fwp%2Fv2%2Fcomments&post=28"}],"version-history":[{"count":15,"href":"http:\/\/www.obermuehle-markoebel.de\/index.php?rest_route=\/wp\/v2\/pages\/28\/revisions"}],"predecessor-version":[{"id":353,"href":"http:\/\/www.obermuehle-markoebel.de\/index.php?rest_route=\/wp\/v2\/pages\/28\/revisions\/353"}],"wp:attachment":[{"href":"http:\/\/www.obermuehle-markoebel.de\/index.php?rest_route=%2Fwp%2Fv2%2Fmedia&parent=28"}],"curies":[{"name":"wp","href":"https:\/\/api.w.org\/{rel}","templated":true}]}}