{"id":30,"date":"2013-01-23T16:19:56","date_gmt":"2013-01-23T15:19:56","guid":{"rendered":"http:\/\/www.obermuehle-markoebel.de\/WP33\/?page_id=30"},"modified":"2022-06-17T15:36:58","modified_gmt":"2022-06-17T14:36:58","slug":"anlage","status":"publish","type":"page","link":"http:\/\/www.obermuehle-markoebel.de\/?page_id=30","title":{"rendered":"Anlage"},"content":{"rendered":"<p>Unsere Weiden und der Bewegungsstall im \u00dcberblick:<\/p>\n<p><a href=\"http:\/\/www.obermuehle-markoebel.de\/wp-content\/uploads\/2013\/02\/Weiden.jpg\"><img loading=\"lazy\" decoding=\"async\" class=\" wp-image-234 \" style=\"border: 2px solid black;\" src=\"http:\/\/www.obermuehle-markoebel.de\/wp-content\/uploads\/2013\/02\/Weiden.jpg\" alt=\"Oberm\u00fchle Heute\" width=\"320\" height=\"318\" srcset=\"http:\/\/www.obermuehle-markoebel.de\/wp-content\/uploads\/2013\/02\/Weiden.jpg 889w, http:\/\/www.obermuehle-markoebel.de\/wp-content\/uploads\/2013\/02\/Weiden-150x150.jpg 150w, http:\/\/www.obermuehle-markoebel.de\/wp-content\/uploads\/2013\/02\/Weiden-300x298.jpg 300w\" sizes=\"auto, (max-width: 320px) 100vw, 320px\" \/><\/a><\/p>\n<p><strong>Roundpen<\/strong><br \/>\n&#8211; 18m Durchmesser<br \/>\n&#8211; drainiert, Reitplatzsand<br \/>\n&#8211;\u00a0Flutlichtanlage<\/p>\nngg_shortcode_0_placeholder\n<p><strong>Sattelkammer<br \/>\n<\/strong>&#8211; ein Abteil je Einsteller<br \/>\n&#8211; ausreichend Platz f\u00fcr Equipment<\/p>\nngg_shortcode_1_placeholder\n<p><strong>Waschplatz<br \/>\n<\/strong>&#8211;\u00a0mit schwenkbarer Dusche<\/p>\n<p><strong>Putzpl\u00e4tze<br \/>\n<\/strong>&#8211; \u00fcberdachte und un\u00fcberdachte<\/p>\n<p>Uns ist es sehr wichtig, da\u00df sich unsere Einsteller wohlf\u00fchlen, und zwar nicht nur die Reiter, sondern auch alle begleitenden Personen. Daher legen wir gro\u00dfen Wert auf gepflegte R\u00e4ume und Au\u00dfenanlagen.<br \/>\nngg_shortcode_2_placeholder<\/p>\n","protected":false},"excerpt":{"rendered":"<p>Unsere Weiden und der Bewegungsstall im \u00dcberblick: Roundpen &#8211; 18m Durchmesser &#8211; drainiert, Reitplatzsand &#8211;\u00a0Flutlichtanlage Sattelkammer &#8211; ein Abteil je Einsteller &#8211; ausreichend Platz f\u00fcr Equipment Waschplatz &#8211;\u00a0mit schwenkbarer Dusche Putzpl\u00e4tze &#8211; \u00fcberdachte und un\u00fcberdachte Uns ist es sehr wichtig, da\u00df sich unsere Einsteller wohlf\u00fchlen, und zwar nicht nur die Reiter, sondern auch alle begleitenden &hellip; <a href=\"http:\/\/www.obermuehle-markoebel.de\/?page_id=30\" class=\"more-link\"><span class=\"screen-reader-text\">Anlage<\/span> weiterlesen <span class=\"meta-nav\">&rarr;<\/span><\/a><\/p>\n","protected":false},"author":1,"featured_media":0,"parent":40,"menu_order":3,"comment_status":"closed","ping_status":"closed","template":"","meta":{"ngg_post_thumbnail":0,"footnotes":""},"class_list":["post-30","page","type-page","status-publish","hentry"],"_links":{"self":[{"href":"http:\/\/www.obermuehle-markoebel.de\/index.php?rest_route=\/wp\/v2\/pages\/30","targetHints":{"allow":["GET"]}}],"collection":[{"href":"http:\/\/www.obermuehle-markoebel.de\/index.php?rest_route=\/wp\/v2\/pages"}],"about":[{"href":"http:\/\/www.obermuehle-markoebel.de\/index.php?rest_route=\/wp\/v2\/types\/page"}],"author":[{"embeddable":true,"href":"http:\/\/www.obermuehle-markoebel.de\/index.php?rest_route=\/wp\/v2\/users\/1"}],"replies":[{"embeddable":true,"href":"http:\/\/www.obermuehle-markoebel.de\/index.php?rest_route=%2Fwp%2Fv2%2Fcomments&post=30"}],"version-history":[{"count":25,"href":"http:\/\/www.obermuehle-markoebel.de\/index.php?rest_route=\/wp\/v2\/pages\/30\/revisions"}],"predecessor-version":[{"id":4664,"href":"http:\/\/www.obermuehle-markoebel.de\/index.php?rest_route=\/wp\/v2\/pages\/30\/revisions\/4664"}],"up":[{"embeddable":true,"href":"http:\/\/www.obermuehle-markoebel.de\/index.php?rest_route=\/wp\/v2\/pages\/40"}],"wp:attachment":[{"href":"http:\/\/www.obermuehle-markoebel.de\/index.php?rest_route=%2Fwp%2Fv2%2Fmedia&parent=30"}],"curies":[{"name":"wp","href":"https:\/\/api.w.org\/{rel}","templated":true}]}}