{"id":32,"date":"2013-01-23T16:20:26","date_gmt":"2013-01-23T15:20:26","guid":{"rendered":"http:\/\/www.obermuehle-markoebel.de\/WP33\/?page_id=32"},"modified":"2018-05-30T19:52:37","modified_gmt":"2018-05-30T18:52:37","slug":"ausreitgelaende","status":"publish","type":"page","link":"http:\/\/www.obermuehle-markoebel.de\/?page_id=32","title":{"rendered":"Ausreitgel\u00e4nde"},"content":{"rendered":"<p>Die Oberm\u00fchle liegt in wundersch\u00f6ner landschaftlicher Lage im Ronneburger H\u00fcgelland, etwa einen Kilometer au\u00dferhalb des Hammersbacher Ortsteils Mark\u00f6bel \u2013 und doch nur 15 km von Hanau entfernt.<\/p>\nngg_shortcode_0_placeholder\n<p>Bei Ausritten um unseren Hof k\u00f6nnen Sie nicht nur die Natur&nbsp;genie\u00dfen, sondern auch&nbsp;Geschichte live erleben:<\/p>\n<p><strong>Limes<\/strong><br \/>\nDer Limes in Deutschland stellte die Grenze zwischen dem R\u00f6mischen Reich und den germanischen Stammesverb\u00e4nden dar. Er verl\u00e4uft zwischen den heutigen Hammersbacher Ortsteilen Mark\u00f6bel (r\u00f6misch) und Langenbergheim (germanisch). Im nahegelegenen Oberwald ist der Limes als Erdwall noch gut erhalten.<\/p>\n<p><strong>Hohe Stra\u00dfe<\/strong><br \/>\nDie Hohe Stra\u00dfe ist ein seit der j\u00fcngeren Eiszeit genutzter H\u00f6henweg. Sie war fr\u00fcher eine bedeutende Handelsstra\u00dfe und wurde von Kaufleuten genutzt, um ihre Waren zu den Messest\u00e4dten Frankfurt und Leipzig zu transportieren. In unserer Region verlief sie von Ostheim kommend nach Mark\u00f6bel, wo die Stra\u00dfe durch das Mark\u00f6beler Kastell und den Limes aus dem r\u00f6misch kontrollierten Gebiet heraus f\u00fchrte. \u00dcber die Anh\u00f6hen zwischen Langenbergheim und Altwiedermus verlief der Weg weiter \u00fcber Diebach am Haag und Herrnhaag und von hier durch den B\u00fcdinger Wald.<\/p>\n<p><strong>Ronneburg<\/strong><br \/>\nDie Ronneburg ist durch ihre Lage auf einem steilen Basaltkegel weithin sichtbar und Namensgeber unserer Region. Sie wurde 1231 erstmals erw\u00e4hnt und diente dem Schutz der Handelsstra\u00dfen in der Mainebene und der Wetterau. Sie ging im 15. Jahrhundert in den Besitz des F\u00fcrstenhauses zu Ysenburg und B\u00fcdingen \u00fcber und wurde im 16. Jahrhundert zum noch heute bestehenden Zustand ausgebaut.<\/p>\n","protected":false},"excerpt":{"rendered":"<p>Die Oberm\u00fchle liegt in wundersch\u00f6ner landschaftlicher Lage im Ronneburger H\u00fcgelland, etwa einen Kilometer au\u00dferhalb des Hammersbacher Ortsteils Mark\u00f6bel \u2013 und doch nur 15 km von Hanau entfernt. Bei Ausritten um unseren Hof k\u00f6nnen Sie nicht nur die Natur&nbsp;genie\u00dfen, sondern auch&nbsp;Geschichte live erleben: Limes Der Limes in Deutschland stellte die Grenze zwischen dem R\u00f6mischen Reich und &hellip; <a href=\"http:\/\/www.obermuehle-markoebel.de\/?page_id=32\" class=\"more-link\"><span class=\"screen-reader-text\">Ausreitgel\u00e4nde<\/span> weiterlesen <span class=\"meta-nav\">&rarr;<\/span><\/a><\/p>\n","protected":false},"author":1,"featured_media":0,"parent":40,"menu_order":4,"comment_status":"closed","ping_status":"closed","template":"","meta":{"ngg_post_thumbnail":0,"footnotes":""},"class_list":["post-32","page","type-page","status-publish","hentry"],"_links":{"self":[{"href":"http:\/\/www.obermuehle-markoebel.de\/index.php?rest_route=\/wp\/v2\/pages\/32","targetHints":{"allow":["GET"]}}],"collection":[{"href":"http:\/\/www.obermuehle-markoebel.de\/index.php?rest_route=\/wp\/v2\/pages"}],"about":[{"href":"http:\/\/www.obermuehle-markoebel.de\/index.php?rest_route=\/wp\/v2\/types\/page"}],"author":[{"embeddable":true,"href":"http:\/\/www.obermuehle-markoebel.de\/index.php?rest_route=\/wp\/v2\/users\/1"}],"replies":[{"embeddable":true,"href":"http:\/\/www.obermuehle-markoebel.de\/index.php?rest_route=%2Fwp%2Fv2%2Fcomments&post=32"}],"version-history":[{"count":16,"href":"http:\/\/www.obermuehle-markoebel.de\/index.php?rest_route=\/wp\/v2\/pages\/32\/revisions"}],"predecessor-version":[{"id":367,"href":"http:\/\/www.obermuehle-markoebel.de\/index.php?rest_route=\/wp\/v2\/pages\/32\/revisions\/367"}],"up":[{"embeddable":true,"href":"http:\/\/www.obermuehle-markoebel.de\/index.php?rest_route=\/wp\/v2\/pages\/40"}],"wp:attachment":[{"href":"http:\/\/www.obermuehle-markoebel.de\/index.php?rest_route=%2Fwp%2Fv2%2Fmedia&parent=32"}],"curies":[{"name":"wp","href":"https:\/\/api.w.org\/{rel}","templated":true}]}}