{"id":43,"date":"2013-01-30T09:57:36","date_gmt":"2013-01-30T08:57:36","guid":{"rendered":"http:\/\/www.obermuehle-markoebel.de\/WP33\/?page_id=43"},"modified":"2025-06-09T18:49:07","modified_gmt":"2025-06-09T17:49:07","slug":"offenstall","status":"publish","type":"page","link":"http:\/\/www.obermuehle-markoebel.de\/?page_id=43","title":{"rendered":"Bewegungsstall"},"content":{"rendered":"<p style=\"text-align: left;\">&nbsp;<\/p>\n<p>Im Winter wohnen unsere Pferde im Bewegungsstall, welcher Platz f\u00fcr elf Pferde bietet.<\/p>\n<p>Wie der Name schon sagt, werden die Pferde im Bewegungsstall angeregt sich zu bewegen. Diese Anregung erfolgt durch die getrennte Anordnung der verschiedenen Funktionsbereiche: Ruhe, Fressen, Tr\u00e4nken, Spielen. Ziel ist es, den Pferden einen Lebensraum zu bieten, der ihren nat\u00fcrlichen Bed\u00fcrfnissen als Dauerfresser, Klimawiderst\u00e4ndler, Herden- und Lauftier entspricht.<\/p>\n<p>Der st\u00e4ndig zug\u00e4ngliche Paddockbereich ist befestigt. Die Liegehalle ist mit Stroh eingestreut und hat zwei Ausg\u00e4nge, damit keine Sackgassen entstehen k\u00f6nnen und auch rangniedere Pferde falls n\u00f6tig gut ausweichen k\u00f6nnen.&nbsp;<\/p>\n<p>Die Pferde haben jederzeit Heu zur freien Verf\u00fcgung. Es wird in zwei \u00fcberdachten Futterraufen mit engmaschigem&nbsp; Netz angeboten, damit die Pferde langsam und lange fressen k\u00f6nnen.<\/p>\n<p>Wasser steht selbstverst\u00e4ndlich jederzeit \u00fcber eine frostsichere&nbsp;Tr\u00e4nke zur Verf\u00fcgung.<\/p>\n<p>Kraftfutter bekommen die Pferde au\u00dferhalb des Bewegungsstalls separat gef\u00fcttert; meistens von den Pferdebesitzern selbst, auf Wunsch kann dies aber auch \u00fcbernommen werden. Man kann eigene Futtermischungen in einer Futtertonne bei uns lagern.<\/p>\n<p>Zus\u00e4tzlich steht eine Au\u00dfenbox f\u00fcr Gastpferde oder als Krankenbox bereit.<\/p>\nngg_shortcode_0_placeholder\n","protected":false},"excerpt":{"rendered":"<p>&nbsp; Im Winter wohnen unsere Pferde im Bewegungsstall, welcher Platz f\u00fcr elf Pferde bietet. Wie der Name schon sagt, werden die Pferde im Bewegungsstall angeregt sich zu bewegen. Diese Anregung erfolgt durch die getrennte Anordnung der verschiedenen Funktionsbereiche: Ruhe, Fressen, Tr\u00e4nken, Spielen. Ziel ist es, den Pferden einen Lebensraum zu bieten, der ihren nat\u00fcrlichen Bed\u00fcrfnissen &hellip; <a href=\"http:\/\/www.obermuehle-markoebel.de\/?page_id=43\" class=\"more-link\"><span class=\"screen-reader-text\">Bewegungsstall<\/span> weiterlesen <span class=\"meta-nav\">&rarr;<\/span><\/a><\/p>\n","protected":false},"author":1,"featured_media":0,"parent":40,"menu_order":1,"comment_status":"closed","ping_status":"closed","template":"","meta":{"ngg_post_thumbnail":0,"footnotes":""},"class_list":["post-43","page","type-page","status-publish","hentry"],"_links":{"self":[{"href":"http:\/\/www.obermuehle-markoebel.de\/index.php?rest_route=\/wp\/v2\/pages\/43","targetHints":{"allow":["GET"]}}],"collection":[{"href":"http:\/\/www.obermuehle-markoebel.de\/index.php?rest_route=\/wp\/v2\/pages"}],"about":[{"href":"http:\/\/www.obermuehle-markoebel.de\/index.php?rest_route=\/wp\/v2\/types\/page"}],"author":[{"embeddable":true,"href":"http:\/\/www.obermuehle-markoebel.de\/index.php?rest_route=\/wp\/v2\/users\/1"}],"replies":[{"embeddable":true,"href":"http:\/\/www.obermuehle-markoebel.de\/index.php?rest_route=%2Fwp%2Fv2%2Fcomments&post=43"}],"version-history":[{"count":39,"href":"http:\/\/www.obermuehle-markoebel.de\/index.php?rest_route=\/wp\/v2\/pages\/43\/revisions"}],"predecessor-version":[{"id":4671,"href":"http:\/\/www.obermuehle-markoebel.de\/index.php?rest_route=\/wp\/v2\/pages\/43\/revisions\/4671"}],"up":[{"embeddable":true,"href":"http:\/\/www.obermuehle-markoebel.de\/index.php?rest_route=\/wp\/v2\/pages\/40"}],"wp:attachment":[{"href":"http:\/\/www.obermuehle-markoebel.de\/index.php?rest_route=%2Fwp%2Fv2%2Fmedia&parent=43"}],"curies":[{"name":"wp","href":"https:\/\/api.w.org\/{rel}","templated":true}]}}