{"id":66,"date":"2013-01-30T10:42:19","date_gmt":"2013-01-30T09:42:19","guid":{"rendered":"http:\/\/www.obermuehle-markoebel.de\/WP33\/?page_id=66"},"modified":"2026-02-06T13:00:21","modified_gmt":"2026-02-06T12:00:21","slug":"preis","status":"publish","type":"page","link":"http:\/\/www.obermuehle-markoebel.de\/?page_id=66","title":{"rendered":"Preis"},"content":{"rendered":"<p>Ein Einstellplatz kostet 230 Euro im Monat. Darin enthalten:<\/p>\n<ul>\n<li>Gro\u00dfer Bewegungsstall mit befestigtem Auslauf<\/li>\n<li>Frostsichere Tr\u00e4nke<\/li>\n<li>T\u00e4gliches Misten und Ab\u00e4ppeln des Bewegungsstalls<\/li>\n<li>Heu \u00fcber engmaschige Netze zur freien Verf\u00fcgung im Winter<\/li>\n<li>Ganzt\u00e4gige Weidehaltung von Fr\u00fchjahr bis Herbst<\/li>\n<li>Weidepflege<\/li>\n<li>Nutzung des Roundpens<\/li>\n<li>Spint in der Sattelkammer<\/li>\n<\/ul>\n<p>Zusatzangebot:<\/p>\n<ul>\n<li>Kraftfutter f\u00fcttern (1x t\u00e4glich Pferd von der Weide \/ aus dem Offenstall holen und f\u00fcttern): 60 Euro\/Monat oder 15 Euro\/Woche<\/li>\n<\/ul>\n","protected":false},"excerpt":{"rendered":"<p>Ein Einstellplatz kostet 230 Euro im Monat. Darin enthalten: Gro\u00dfer Bewegungsstall mit befestigtem Auslauf Frostsichere Tr\u00e4nke T\u00e4gliches Misten und Ab\u00e4ppeln des Bewegungsstalls Heu \u00fcber engmaschige Netze zur freien Verf\u00fcgung im Winter Ganzt\u00e4gige Weidehaltung von Fr\u00fchjahr bis Herbst Weidepflege Nutzung des Roundpens Spint in der Sattelkammer Zusatzangebot: Kraftfutter f\u00fcttern (1x t\u00e4glich Pferd von der Weide \/ &hellip; <a href=\"http:\/\/www.obermuehle-markoebel.de\/?page_id=66\" class=\"more-link\"><span class=\"screen-reader-text\">Preis<\/span> weiterlesen <span class=\"meta-nav\">&rarr;<\/span><\/a><\/p>\n","protected":false},"author":1,"featured_media":0,"parent":40,"menu_order":4,"comment_status":"closed","ping_status":"closed","template":"","meta":{"ngg_post_thumbnail":0,"footnotes":""},"class_list":["post-66","page","type-page","status-publish","hentry"],"_links":{"self":[{"href":"http:\/\/www.obermuehle-markoebel.de\/index.php?rest_route=\/wp\/v2\/pages\/66","targetHints":{"allow":["GET"]}}],"collection":[{"href":"http:\/\/www.obermuehle-markoebel.de\/index.php?rest_route=\/wp\/v2\/pages"}],"about":[{"href":"http:\/\/www.obermuehle-markoebel.de\/index.php?rest_route=\/wp\/v2\/types\/page"}],"author":[{"embeddable":true,"href":"http:\/\/www.obermuehle-markoebel.de\/index.php?rest_route=\/wp\/v2\/users\/1"}],"replies":[{"embeddable":true,"href":"http:\/\/www.obermuehle-markoebel.de\/index.php?rest_route=%2Fwp%2Fv2%2Fcomments&post=66"}],"version-history":[{"count":19,"href":"http:\/\/www.obermuehle-markoebel.de\/index.php?rest_route=\/wp\/v2\/pages\/66\/revisions"}],"predecessor-version":[{"id":4673,"href":"http:\/\/www.obermuehle-markoebel.de\/index.php?rest_route=\/wp\/v2\/pages\/66\/revisions\/4673"}],"up":[{"embeddable":true,"href":"http:\/\/www.obermuehle-markoebel.de\/index.php?rest_route=\/wp\/v2\/pages\/40"}],"wp:attachment":[{"href":"http:\/\/www.obermuehle-markoebel.de\/index.php?rest_route=%2Fwp%2Fv2%2Fmedia&parent=66"}],"curies":[{"name":"wp","href":"https:\/\/api.w.org\/{rel}","templated":true}]}}